{"id":154,"date":"2023-07-30T06:53:07","date_gmt":"2023-07-30T06:53:07","guid":{"rendered":"https:\/\/www.interim-manager.cz\/?page_id=154"},"modified":"2023-07-30T14:14:11","modified_gmt":"2023-07-30T14:14:11","slug":"interim-logistics-manager","status":"publish","type":"page","link":"https:\/\/www.interim-manager.cz\/eng\/interim-logistics-manager\/","title":{"rendered":"Interim Logistics Manager"},"content":{"rendered":"<p>[et_pb_section fb_built=&#8220;1&#8243; _builder_version=&#8220;4.21.0&#8243; _module_preset=&#8220;default&#8220; background_enable_color=&#8220;off&#8220; background_image=&#8220;https:\/\/www.interim-manager.cz\/wp-content\/uploads\/2023\/07\/banner.png&#8220; parallax=&#8220;on&#8220; parallax_method=&#8220;off&#8220; global_colors_info=&#8220;{}&#8220;][et_pb_row _builder_version=&#8220;4.21.0&#8243; _module_preset=&#8220;default&#8220; global_colors_info=&#8220;{}&#8220;][et_pb_column type=&#8220;4_4&#8243; _builder_version=&#8220;4.21.0&#8243; _module_preset=&#8220;default&#8220; global_colors_info=&#8220;{}&#8220;][et_pb_text _builder_version=&#8220;4.21.0&#8243; _module_preset=&#8220;default&#8220; header_font=&#8220;|700|||||||&#8220; header_text_color=&#8220;#FFFFFF&#8220; global_colors_info=&#8220;{}&#8220;]<\/p>\n<h1>Interim Logistics Manager<\/h1>\n<p>[\/et_pb_text][\/et_pb_column][\/et_pb_row][\/et_pb_section][et_pb_section fb_built=&#8220;1&#8243; _builder_version=&#8220;4.21.0&#8243; _module_preset=&#8220;default&#8220; top_divider_height=&#8220;50px&#8220; top_divider_flip=&#8220;vertical&#8220; global_colors_info=&#8220;{}&#8220;][et_pb_row _builder_version=&#8220;4.21.0&#8243; _module_preset=&#8220;default&#8220; global_colors_info=&#8220;{}&#8220;][et_pb_column type=&#8220;4_4&#8243; _builder_version=&#8220;4.21.0&#8243; _module_preset=&#8220;default&#8220; global_colors_info=&#8220;{}&#8220;][et_pb_text _builder_version=&#8220;4.21.0&#8243; _module_preset=&#8220;default&#8220; header_font=&#8220;|700|||||||&#8220; header_text_color=&#8220;#1c88cb&#8220; header_2_font=&#8220;|600|||||||&#8220; header_2_font_size=&#8220;20px&#8220; header_3_font_size=&#8220;20px&#8220; custom_margin=&#8220;0px||0px||false|false&#8220; custom_padding=&#8220;0px||0px||false|false&#8220; global_colors_info=&#8220;{}&#8220;]Na veden\u00ed logistick\u00e9ho odd\u011blen\u00ed spole\u010dnosti z\u00e1vis\u00ed \u00fasp\u011bch podnik\u00e1n\u00ed. Jestli\u017ee je p\u0159ed v\u00e1mi n\u00e1ro\u010dn\u00fd \u00fakol, pak je k dispozici Interim Logistics Manager.<\/p>\n<h1>Interim Logistics Manager<\/h1>\n<p>Running a company requires not only the right education, but above all sufficient experience and knowledge. If the company is larger, it is usually necessary to divide it into individual sections and to appoint an expert to each of them. Companies dealing with the sale, import or export of goods should have the logistics aspect well handled.<\/p>\n<h3 style=\"padding-left: 40px;\"><i class=\"fa-solid fa-circle fa-2xs\" style=\"color: #1c88cb;\"><\/i> Interim Logistics Manager is responsible for:<\/h3>\n<p style=\"padding-left: 60px;\"><i class=\"fa-solid fa-circle fa-2xs\" style=\"color: #1c88cb;\"><\/i> Manage and lead supplier, customer and internal logistics<br \/>\n<i class=\"fa-solid fa-circle fa-2xs\" style=\"color: #1c88cb;\"><\/i> Plan and ensure effective warehouse management, efficient transport planning<br \/>\n<i class=\"fa-solid fa-circle fa-2xs\" style=\"color: #1c88cb;\"><\/i> Establish plans, guidelines and require standards to ensure quality and quantity of deliveries<br \/>\n<i class=\"fa-solid fa-circle fa-2xs\" style=\"color: #1c88cb;\"><\/i> Monitor and analyze the market to respond immediately to material availability<br \/>\n<i class=\"fa-solid fa-circle fa-2xs\" style=\"color: #1c88cb;\"><\/i> Plan and coordinate all logistics activities related to the management of flows in the logistics chain<br \/>\n<i class=\"fa-solid fa-circle fa-2xs\" style=\"color: #1c88cb;\"><\/i> Define and monitor the fulfilment of KPIs<br \/>\n<i class=\"fa-solid fa-circle fa-2xs\" style=\"color: #1c88cb;\"><\/i> Work on team development<\/p>\n<h2>When to hire an Interim Logistics Manager<\/h2>\n<p>The Logistics Manager position is very demanding and requires a lot of commitment. If this employee drops out of the whole process, it creates a significant problem for the company. However, this can be easily and quickly resolved by hiring an expert in the Interim Management field.<\/p>\n<h2>What will the Interim Logistics Manager provide for your company and how will it be beneficial?<\/h2>\n<p>An Interim Manager can handle important tasks that require sufficient expertise that the company cannot handle for whatever reason. This expert can be hired by the company for any period of time. It depends on the agreement of both parties.<\/p>\n<p style=\"padding-left: 40px;\"><i class=\"fa-solid fa-circle fa-2xs\" style=\"color: #1c88cb;\"><\/i> The great advantage of an Interim Managers is that they will gain experience from managing logistics departments in other companies.<br \/>\n<i class=\"fa-solid fa-circle fa-2xs\" style=\"color: #1c88cb;\"><\/i> Therefore, they know this aspect not only from the theoretical but also from the practical side.<br \/>\n<i class=\"fa-solid fa-circle fa-2xs\" style=\"color: #1c88cb;\"><\/i> They know and have solved specific situations with the assurance of supply<\/p>\n<p>[\/et_pb_text][et_pb_button button_url=&#8220;https:\/\/www.interim-manager.cz\/kontakt&#8220; button_text=&#8220;M\u00e1m z\u00e1jem&#8220; _builder_version=&#8220;4.21.0&#8243; _module_preset=&#8220;default&#8220; custom_button=&#8220;on&#8220; button_text_color=&#8220;#FFFFFF&#8220; button_bg_use_color_gradient=&#8220;on&#8220; button_bg_color_gradient_type=&#8220;circular&#8220; button_bg_color_gradient_stops=&#8220;#0b86ba 0%|#008ec6 100%&#8220; button_border_width=&#8220;0px&#8220; button_border_radius=&#8220;20px&#8220; custom_margin=&#8220;40px|||||&#8220; locked=&#8220;off&#8220; global_colors_info=&#8220;{}&#8220;][\/et_pb_button][\/et_pb_column][\/et_pb_row][\/et_pb_section]<\/p>","protected":false},"excerpt":{"rendered":"<p>Interim Logistics ManagerNa veden\u00ed logistick\u00e9ho odd\u011blen\u00ed spole\u010dnosti z\u00e1vis\u00ed \u00fasp\u011bch podnik\u00e1n\u00ed. Jestli\u017ee je p\u0159ed v\u00e1mi n\u00e1ro\u010dn\u00fd \u00fakol, pak je k dispozici Interim Logistics Manager. Obsazen\u00ed pozice Interim Logistics Manager Veden\u00ed spole\u010dnosti vy\u017eaduje nejen p\u0159\u00edslu\u0161n\u00e9 vzd\u011bl\u00e1n\u00ed, ale p\u0159edev\u0161\u00edm dostatek zku\u0161enost\u00ed a znalost\u00ed. Pokud se jedn\u00e1 o v\u011bt\u0161\u00ed firmu, pak je v\u011bt\u0161inou zapot\u0159eb\u00ed rozd\u011blit jednotliv\u00e9 sekce a do [&hellip;]<\/p>","protected":false},"author":1,"featured_media":0,"parent":0,"menu_order":0,"comment_status":"closed","ping_status":"closed","template":"","meta":{"_et_pb_use_builder":"on","_et_pb_old_content":"","_et_gb_content_width":"","footnotes":""},"class_list":["post-154","page","type-page","status-publish","hentry"],"_links":{"self":[{"href":"https:\/\/www.interim-manager.cz\/eng\/wp-json\/wp\/v2\/pages\/154","targetHints":{"allow":["GET"]}}],"collection":[{"href":"https:\/\/www.interim-manager.cz\/eng\/wp-json\/wp\/v2\/pages"}],"about":[{"href":"https:\/\/www.interim-manager.cz\/eng\/wp-json\/wp\/v2\/types\/page"}],"author":[{"embeddable":true,"href":"https:\/\/www.interim-manager.cz\/eng\/wp-json\/wp\/v2\/users\/1"}],"replies":[{"embeddable":true,"href":"https:\/\/www.interim-manager.cz\/eng\/wp-json\/wp\/v2\/comments?post=154"}],"version-history":[{"count":0,"href":"https:\/\/www.interim-manager.cz\/eng\/wp-json\/wp\/v2\/pages\/154\/revisions"}],"wp:attachment":[{"href":"https:\/\/www.interim-manager.cz\/eng\/wp-json\/wp\/v2\/media?parent=154"}],"curies":[{"name":"wp","href":"https:\/\/api.w.org\/{rel}","templated":true}]}}