{"id":124,"date":"2023-07-29T08:35:39","date_gmt":"2023-07-29T08:35:39","guid":{"rendered":"https:\/\/www.interim-manager.cz\/?page_id=124"},"modified":"2024-11-06T11:22:09","modified_gmt":"2024-11-06T11:22:09","slug":"kontakt","status":"publish","type":"page","link":"https:\/\/www.interim-manager.cz\/eng\/kontakt\/","title":{"rendered":"Contact"},"content":{"rendered":"<p>[et_pb_section fb_built=&#8220;1&#8243; _builder_version=&#8220;4.25.1&#8243; _module_preset=&#8220;default&#8220; background_color=&#8220;RGBA(255,255,255,0)&#8220; background_enable_image=&#8220;off&#8220; custom_padding=&#8220;||0px|||&#8220; global_colors_info=&#8220;{}&#8220;][et_pb_row _builder_version=&#8220;4.25.1&#8243; _module_preset=&#8220;default&#8220; global_colors_info=&#8220;{}&#8220;][et_pb_column type=&#8220;4_4&#8243; _builder_version=&#8220;4.25.1&#8243; _module_preset=&#8220;default&#8220; global_colors_info=&#8220;{}&#8220;][et_pb_text _builder_version=&#8220;4.25.1&#8243; _module_preset=&#8220;default&#8220; text_text_color=&#8220;#000000&#8243; text_font_size=&#8220;18px&#8220; header_font=&#8220;|700|||||||&#8220; header_text_color=&#8220;#1c88cb&#8220; header_2_font=&#8220;|600|||||||&#8220; header_2_font_size=&#8220;20px&#8220; header_3_font_size=&#8220;20px&#8220; custom_margin=&#8220;0px||0px||false|false&#8220; custom_padding=&#8220;0px||0px||false|false&#8220; global_colors_info=&#8220;{}&#8220;]<\/p>\n<h2>Interested in my services?<\/h2>\n<p>Write to me!<\/p>\n<p>[\/et_pb_text][\/et_pb_column][\/et_pb_row][et_pb_row column_structure=&#8220;1_2,1_2&#8243; disabled_on=&#8220;off|off|off&#8220; _builder_version=&#8220;4.21.0&#8243; _module_preset=&#8220;default&#8220; custom_padding=&#8220;||36px|||&#8220; global_colors_info=&#8220;{}&#8220;][et_pb_column type=&#8220;1_2&#8243; admin_label=&#8220;Sloupec&#8220; _builder_version=&#8220;4.21.0&#8243; _module_preset=&#8220;default&#8220; background_enable_image=&#8220;off&#8220; global_colors_info=&#8220;{}&#8220;][et_pb_blurb use_icon=&#8220;on&#8220; font_icon=&#8220;&#xf007;||fa||900&#8243; icon_color=&#8220;#FFFFFF&#8220; icon_placement=&#8220;left&#8220; admin_label=&#8220;Upout\u00e1vka&#8220; _builder_version=&#8220;4.25.1&#8243; _module_preset=&#8220;default&#8220; body_text_color=&#8220;#FFFFFF&#8220; body_font_size=&#8220;19px&#8220; custom_margin=&#8220;1px|||||&#8220; global_colors_info=&#8220;{}&#8220;]<\/p>\n<h3><strong>Jakub Dvo\u0159\u00e1k<\/strong><\/h3>\n<p>[\/et_pb_blurb][et_pb_blurb url=&#8220;tel:+420601256194&#8243; use_icon=&#8220;on&#8220; font_icon=&#8220;&#xe090;||divi||400&#8243; icon_color=&#8220;#FFFFFF&#8220; icon_placement=&#8220;left&#8220; admin_label=&#8220;Upout\u00e1vka&#8220; _builder_version=&#8220;4.25.1&#8243; _module_preset=&#8220;default&#8220; body_text_color=&#8220;#000000&#8243; body_font_size=&#8220;19px&#8220; custom_margin=&#8220;1px|||||&#8220; link_option_url=&#8220;tel:+420601256194&#8243; global_colors_info=&#8220;{}&#8220;]<\/p>\n<p><span>\u017dalansk\u00e9ho 1416\/56a, \u0158epy, <br \/>16300 Praha 6<\/span><\/p>\n<p><a href=\"tel:+420601256194\">+420 601 256 194<\/a><br \/><a target=\"_blank\" href=\"mailto:info@interim-manager.cz\" rel=\"noopener\">info@interim-manager.cz<\/a><\/p>\n<p>I\u010c: 05287723<\/p>\n<p>[\/et_pb_blurb][et_pb_blurb url=&#8220;mailto:info@interim-manager.cz&#8220; use_icon=&#8220;on&#8220; font_icon=&#8220;&#xe010;||divi||400&#8243; icon_color=&#8220;#FFFFFF&#8220; icon_placement=&#8220;left&#8220; _builder_version=&#8220;4.25.1&#8243; _module_preset=&#8220;default&#8220; header_text_color=&#8220;#000000&#8243; body_text_color=&#8220;#000000&#8243; body_font_size=&#8220;19px&#8220; custom_margin=&#8220;1px|||||&#8220; link_option_url=&#8220;mailto:info@interim-manager.cz&#8220; global_colors_info=&#8220;{}&#8220;][\/et_pb_blurb][\/et_pb_column][et_pb_column type=&#8220;1_2&#8243; admin_label=&#8220;Sloupec&#8220; _builder_version=&#8220;4.25.1&#8243; _module_preset=&#8220;default&#8220; global_colors_info=&#8220;{}&#8220;][et_pb_code _builder_version=&#8220;4.25.1&#8243; _module_preset=&#8220;default&#8220; background_enable_color=&#8220;off&#8220; text_orientation=&#8220;left&#8220; custom_padding=&#8220;0px|10px|0px|10px|false|false&#8220; border_radii=&#8220;on|20px|20px|20px|20px&#8220; border_width_all=&#8220;1px&#8220; border_color_all=&#8220;#FFFFFF&#8220; box_shadow_style=&#8220;preset1&#8243; box_shadow_color=&#8220;#FFFFFF&#8220; global_colors_info=&#8220;{}&#8220;]<div class=\"forminator-ui forminator-custom-form forminator-custom-form-223 forminator-design--material  forminator_ajax\" data-forminator-render=\"0\" data-form=\"forminator-module-223\" data-uid=\"69eccab67b02d\"><br\/><\/div><form\n\t\t\t\tid=\"forminator-module-223\"\n\t\t\t\tclass=\"forminator-ui forminator-custom-form forminator-custom-form-223 forminator-design--material  forminator_ajax\"\n\t\t\t\tmethod=\"post\"\n\t\t\t\tdata-forminator-render=\"0\"\n\t\t\t\tdata-form-id=\"223\"\n\t\t\t\t\n\t\t\t\tdata-design=\"material\"\n\t\t\t\tdata-color-option=\"default\"\n\t\t\t\t\n\t\t\t\t\n\t\t\t\t\n\t\t\t\tdata-grid=\"open\"\n\t\t\t\t\n\t\t\t\t\n\t\t\t\tstyle=\"display: none;\"\n\t\t\t\t\n\t\t\t\tdata-uid=\"69eccab67b02d\" action=\"\"\n\t\t\t><div role=\"alert\" aria-live=\"polite\" class=\"forminator-response-message forminator-error\" aria-hidden=\"true\"><\/div><div class=\"forminator-row\"><div id=\"name-1\" class=\"forminator-field-name forminator-col forminator-col-12\"><div class=\"forminator-field\"><label for=\"forminator-field-name-1_69eccab67b02d\" id=\"forminator-field-name-1_69eccab67b02d-label\" class=\"forminator-label\">Name <span class=\"forminator-required\">*<\/span><\/label><input type=\"text\" name=\"name-1\" value=\"\" placeholder=\"Name\" id=\"forminator-field-name-1_69eccab67b02d\" class=\"forminator-input forminator-name--field\" aria-required=\"true\" \/><\/div><\/div><\/div><div class=\"forminator-row\"><div id=\"phone-1\" class=\"forminator-field-phone forminator-col forminator-col-6\"><div class=\"forminator-field\"><label for=\"forminator-field-phone-1_69eccab67b02d\" id=\"forminator-field-phone-1_69eccab67b02d-label\" class=\"forminator-label\">Phone<\/label><input type=\"text\" name=\"phone-1\" value=\"\" placeholder=\"Phone\" id=\"forminator-field-phone-1_69eccab67b02d\" class=\"forminator-input forminator-field--phone\" data-required=\"\" aria-required=\"false\" autocomplete=\"off\" \/><\/div><\/div><div id=\"email-1\" class=\"forminator-field-email forminator-col forminator-col-6\"><div class=\"forminator-field\"><label for=\"forminator-field-email-1_69eccab67b02d\" id=\"forminator-field-email-1_69eccab67b02d-label\" class=\"forminator-label\">E-mail <span class=\"forminator-required\">*<\/span><\/label><input type=\"email\" name=\"email-1\" value=\"\" placeholder=\"E-mail\" id=\"forminator-field-email-1_69eccab67b02d\" class=\"forminator-input forminator-email--field\" data-required=\"true\" aria-required=\"true\" \/><\/div><\/div><\/div><div class=\"forminator-row\"><div id=\"checkbox-1\" class=\"forminator-field-checkbox forminator-col forminator-col-12  manager\"><div role=\"group\" class=\"forminator-field\" aria-labelledby=\"forminator-checkbox-group-forminator-field-checkbox-1-69eccab67b02d-label\"><span id=\"forminator-checkbox-group-forminator-field-checkbox-1-69eccab67b02d-label\" class=\"forminator-label\">Manager<\/span><label id=\"forminator-field-checkbox-1-1-69eccab67b02d-label\" for=\"forminator-field-checkbox-1-1-69eccab67b02d\" class=\"forminator-checkbox\" title=\"Interim Plant Manager\"><input type=\"checkbox\" name=\"checkbox-1[]\" value=\"plant-manager\" id=\"forminator-field-checkbox-1-1-69eccab67b02d\" aria-labelledby=\"forminator-field-checkbox-1-1-69eccab67b02d-label\" data-calculation=\"0\"   data-hidden-behavior=\"zero\" aria-describedby=\"forminator-field-checkbox-1-69eccab67b02d-description\"\/><span class=\"forminator-checkbox-box\" aria-hidden=\"true\"><\/span><span class=\"forminator-checkbox-label\">Interim Plant Manager<\/span><\/label><label id=\"forminator-field-checkbox-1-2-69eccab67b02d-label\" for=\"forminator-field-checkbox-1-2-69eccab67b02d\" class=\"forminator-checkbox\" title=\"Interim Production Manager\"><input type=\"checkbox\" name=\"checkbox-1[]\" value=\"production-manager\" id=\"forminator-field-checkbox-1-2-69eccab67b02d\" aria-labelledby=\"forminator-field-checkbox-1-2-69eccab67b02d-label\" data-calculation=\"0\"   data-hidden-behavior=\"zero\" aria-describedby=\"forminator-field-checkbox-1-69eccab67b02d-description\"\/><span class=\"forminator-checkbox-box\" aria-hidden=\"true\"><\/span><span class=\"forminator-checkbox-label\">Interim Production Manager<\/span><\/label><label id=\"forminator-field-checkbox-1-3-69eccab67b02d-label\" for=\"forminator-field-checkbox-1-3-69eccab67b02d\" class=\"forminator-checkbox\" title=\"Interim Logistics Manager\"><input type=\"checkbox\" name=\"checkbox-1[]\" value=\"logistics-manager\" id=\"forminator-field-checkbox-1-3-69eccab67b02d\" aria-labelledby=\"forminator-field-checkbox-1-3-69eccab67b02d-label\" data-calculation=\"0\"   data-hidden-behavior=\"zero\" aria-describedby=\"forminator-field-checkbox-1-69eccab67b02d-description\"\/><span class=\"forminator-checkbox-box\" aria-hidden=\"true\"><\/span><span class=\"forminator-checkbox-label\">Interim Logistics Manager<\/span><\/label><label id=\"forminator-field-checkbox-1-4-69eccab67b02d-label\" for=\"forminator-field-checkbox-1-4-69eccab67b02d\" class=\"forminator-checkbox\" title=\"Interim Quality Manager\"><input type=\"checkbox\" name=\"checkbox-1[]\" value=\"quality-manager\" id=\"forminator-field-checkbox-1-4-69eccab67b02d\" aria-labelledby=\"forminator-field-checkbox-1-4-69eccab67b02d-label\" data-calculation=\"0\"   data-hidden-behavior=\"zero\" aria-describedby=\"forminator-field-checkbox-1-69eccab67b02d-description\"\/><span class=\"forminator-checkbox-box\" aria-hidden=\"true\"><\/span><span class=\"forminator-checkbox-label\">Interim Quality Manager<\/span><\/label><span id=\"forminator-field-checkbox-1-69eccab67b02d-description\" class=\"forminator-description\">Vyberte, kter\u00e9 kategorie se zpr\u00e1va t\u00fdk\u00e1, p\u0159\u00edpadn\u011b nechte pr\u00e1zdn\u00e9<\/span><\/div><\/div><\/div><div class=\"forminator-row\"><div id=\"textarea-1\" class=\"forminator-field-textarea forminator-col forminator-col-12\"><div class=\"forminator-field\"><label for=\"forminator-field-textarea-1_69eccab67b02d\" id=\"forminator-field-textarea-1_69eccab67b02d-label\" class=\"forminator-label\">Message<\/label><textarea name=\"textarea-1\" placeholder=\"Write your message\" id=\"forminator-field-textarea-1_69eccab67b02d\" class=\"forminator-textarea\" rows=\"6\" style=\"min-height:140px;\" maxlength=\"2000\" ><\/textarea><span id=\"forminator-field-textarea-1_69eccab67b02d-description\" class=\"forminator-description\"><span data-limit=\"2000\" data-type=\"characters\" data-editor=\"\">0 \/ 2000<\/span><\/span><\/div><\/div><\/div><div class=\"forminator-row\"><div id=\"consent-1\" class=\"forminator-field-consent forminator-col forminator-col-12\"><div class=\"forminator-field\"><div class=\"forminator-checkbox__wrapper\"><label id=\"forminator-field-consent-1_69eccab67b02d__label\" class=\"forminator-checkbox forminator-consent\" aria-labelledby=\"forminator-field-consent-1_69eccab67b02d-label\" aria-hidden=\"true\"><input type=\"checkbox\" name=\"consent-1\" id=\"forminator-field-consent-1_69eccab67b02d\" value=\"checked\" aria-labelledby=\"forminator-field-consent-1_69eccab67b02d-label\" aria-describedby=\"forminator-field-consent-1_69eccab67b02d__description\" data-required=\"true\" aria-required=\"true\" \/><span class=\"forminator-checkbox-box\" aria-hidden=\"true\"><\/span><\/label><div id=\"forminator-field-consent-1_69eccab67b02d__description\" class=\"forminator-checkbox__label forminator-consent__label\"><p>Souhlas\u00edm se <a rel=\"noopener\" target=\"_blank\" href=\"https:\/\/www.interim-manager.cz\/eng\/gdpr\/\">z\u00e1sadami ochrany osobn\u00edch \u00fadaj\u016f.<\/a><\/p><\/div><\/div><\/div><\/div><\/div><input type=\"hidden\" name=\"referer_url\" value=\"\" \/><div class=\"forminator-row forminator-row-last\"><div class=\"forminator-col\"><div class=\"forminator-field\"><button class=\"forminator-button forminator-button-submit\"><span>Submit<\/span><span aria-hidden=\"true\"><\/span><\/button><\/div><\/div><\/div><input type=\"hidden\" id=\"forminator_nonce\" name=\"forminator_nonce\" value=\"daab1a8246\" \/><input type=\"hidden\" name=\"_wp_http_referer\" value=\"\/eng\/wp-json\/wp\/v2\/pages\/124\" \/><input type=\"hidden\" name=\"form_id\" value=\"223\"><input type=\"hidden\" name=\"page_id\" value=\"124\"><input type=\"hidden\" name=\"form_type\" value=\"default\"><input type=\"hidden\" name=\"current_url\" value=\"https:\/\/www.interim-manager.cz\/eng\/kontakt\/\"><input type=\"hidden\" name=\"render_id\" value=\"0\"><input type=\"hidden\" name=\"action\" value=\"forminator_submit_form_custom-forms\"><label for=\"input_7\" class=\"forminator-hidden\" aria-hidden=\"true\">Please do not fill in this field. <input id=\"input_7\" type=\"text\" name=\"input_7\" value=\"\" autocomplete=\"off\"><\/label><input type=\"hidden\" name=\"trp-form-language\" value=\"eng\"\/><\/form>[\/et_pb_code][\/et_pb_column][\/et_pb_row][\/et_pb_section]<\/p>","protected":false},"excerpt":{"rendered":"<p>M\u00e1te z\u00e1jem o m\u00e9 slu\u017eby? Napi\u0161te mi!Jakub Dvo\u0159\u00e1k\u017dalansk\u00e9ho 1416\/56a, \u0158epy, 16300 Praha 6 +420 601 256 194info@interim-manager.cz I\u010c: 05287723<div class=\"forminator-ui forminator-custom-form forminator-custom-form-223 forminator-design--material  forminator_ajax\" data-forminator-render=\"1\" data-form=\"forminator-module-223\" data-uid=\"69eccab68c4d9\"><br\/><\/div><form\n\t\t\t\tid=\"forminator-module-223\"\n\t\t\t\tclass=\"forminator-ui forminator-custom-form forminator-custom-form-223 forminator-design--material  forminator_ajax\"\n\t\t\t\tmethod=\"post\"\n\t\t\t\tdata-forminator-render=\"1\"\n\t\t\t\tdata-form-id=\"223\"\n\t\t\t\t\n\t\t\t\tdata-design=\"material\"\n\t\t\t\tdata-color-option=\"default\"\n\t\t\t\t\n\t\t\t\t\n\t\t\t\t\n\t\t\t\tdata-grid=\"open\"\n\t\t\t\t\n\t\t\t\t\n\t\t\t\tstyle=\"display: none;\"\n\t\t\t\t\n\t\t\t\tdata-uid=\"69eccab68c4d9\" action=\"\"\n\t\t\t><div role=\"alert\" aria-live=\"polite\" class=\"forminator-response-message forminator-error\" aria-hidden=\"true\"><\/div><div class=\"forminator-row\"><div id=\"name-1\" class=\"forminator-field-name forminator-col forminator-col-12\"><div class=\"forminator-field\"><label for=\"forminator-field-name-1_69eccab68c4d9\" id=\"forminator-field-name-1_69eccab68c4d9-label\" class=\"forminator-label\">Name <span class=\"forminator-required\">*<\/span><\/label><input type=\"text\" name=\"name-1\" value=\"\" placeholder=\"Name\" id=\"forminator-field-name-1_69eccab68c4d9\" class=\"forminator-input forminator-name--field\" aria-required=\"true\" \/><\/div><\/div><\/div><div class=\"forminator-row\"><div id=\"phone-1\" class=\"forminator-field-phone forminator-col forminator-col-6\"><div class=\"forminator-field\"><label for=\"forminator-field-phone-1_69eccab68c4d9\" id=\"forminator-field-phone-1_69eccab68c4d9-label\" class=\"forminator-label\">Phone<\/label><input type=\"text\" name=\"phone-1\" value=\"\" placeholder=\"Phone\" id=\"forminator-field-phone-1_69eccab68c4d9\" class=\"forminator-input forminator-field--phone\" data-required=\"\" aria-required=\"false\" autocomplete=\"off\" \/><\/div><\/div><div id=\"email-1\" class=\"forminator-field-email forminator-col forminator-col-6\"><div class=\"forminator-field\"><label for=\"forminator-field-email-1_69eccab68c4d9\" id=\"forminator-field-email-1_69eccab68c4d9-label\" class=\"forminator-label\">E-mail <span class=\"forminator-required\">*<\/span><\/label><input type=\"email\" name=\"email-1\" value=\"\" placeholder=\"E-mail\" id=\"forminator-field-email-1_69eccab68c4d9\" class=\"forminator-input forminator-email--field\" data-required=\"true\" aria-required=\"true\" \/><\/div><\/div><\/div><div class=\"forminator-row\"><div id=\"checkbox-1\" class=\"forminator-field-checkbox forminator-col forminator-col-12  manager\"><div role=\"group\" class=\"forminator-field\" aria-labelledby=\"forminator-checkbox-group-forminator-field-checkbox-1-69eccab68c4d9-label\"><span id=\"forminator-checkbox-group-forminator-field-checkbox-1-69eccab68c4d9-label\" class=\"forminator-label\">Manager<\/span><label id=\"forminator-field-checkbox-1-1-69eccab68c4d9-label\" for=\"forminator-field-checkbox-1-1-69eccab68c4d9\" class=\"forminator-checkbox\" title=\"Interim Plant Manager\"><input type=\"checkbox\" name=\"checkbox-1[]\" value=\"plant-manager\" id=\"forminator-field-checkbox-1-1-69eccab68c4d9\" aria-labelledby=\"forminator-field-checkbox-1-1-69eccab68c4d9-label\" data-calculation=\"0\"   data-hidden-behavior=\"zero\" aria-describedby=\"forminator-field-checkbox-1-69eccab68c4d9-description\"\/><span class=\"forminator-checkbox-box\" aria-hidden=\"true\"><\/span><span class=\"forminator-checkbox-label\">Interim Plant Manager<\/span><\/label><label id=\"forminator-field-checkbox-1-2-69eccab68c4d9-label\" for=\"forminator-field-checkbox-1-2-69eccab68c4d9\" class=\"forminator-checkbox\" title=\"Interim Production Manager\"><input type=\"checkbox\" name=\"checkbox-1[]\" value=\"production-manager\" id=\"forminator-field-checkbox-1-2-69eccab68c4d9\" aria-labelledby=\"forminator-field-checkbox-1-2-69eccab68c4d9-label\" data-calculation=\"0\"   data-hidden-behavior=\"zero\" aria-describedby=\"forminator-field-checkbox-1-69eccab68c4d9-description\"\/><span class=\"forminator-checkbox-box\" aria-hidden=\"true\"><\/span><span class=\"forminator-checkbox-label\">Interim Production Manager<\/span><\/label><label id=\"forminator-field-checkbox-1-3-69eccab68c4d9-label\" for=\"forminator-field-checkbox-1-3-69eccab68c4d9\" class=\"forminator-checkbox\" title=\"Interim Logistics Manager\"><input type=\"checkbox\" name=\"checkbox-1[]\" value=\"logistics-manager\" id=\"forminator-field-checkbox-1-3-69eccab68c4d9\" aria-labelledby=\"forminator-field-checkbox-1-3-69eccab68c4d9-label\" data-calculation=\"0\"   data-hidden-behavior=\"zero\" aria-describedby=\"forminator-field-checkbox-1-69eccab68c4d9-description\"\/><span class=\"forminator-checkbox-box\" aria-hidden=\"true\"><\/span><span class=\"forminator-checkbox-label\">Interim Logistics Manager<\/span><\/label><label id=\"forminator-field-checkbox-1-4-69eccab68c4d9-label\" for=\"forminator-field-checkbox-1-4-69eccab68c4d9\" class=\"forminator-checkbox\" title=\"Interim Quality Manager\"><input type=\"checkbox\" name=\"checkbox-1[]\" value=\"quality-manager\" id=\"forminator-field-checkbox-1-4-69eccab68c4d9\" aria-labelledby=\"forminator-field-checkbox-1-4-69eccab68c4d9-label\" data-calculation=\"0\"   data-hidden-behavior=\"zero\" aria-describedby=\"forminator-field-checkbox-1-69eccab68c4d9-description\"\/><span class=\"forminator-checkbox-box\" aria-hidden=\"true\"><\/span><span class=\"forminator-checkbox-label\">Interim Quality Manager<\/span><\/label><span id=\"forminator-field-checkbox-1-69eccab68c4d9-description\" class=\"forminator-description\">Vyberte, kter\u00e9 kategorie se zpr\u00e1va t\u00fdk\u00e1, p\u0159\u00edpadn\u011b nechte pr\u00e1zdn\u00e9<\/span><\/div><\/div><\/div><div class=\"forminator-row\"><div id=\"textarea-1\" class=\"forminator-field-textarea forminator-col forminator-col-12\"><div class=\"forminator-field\"><label for=\"forminator-field-textarea-1_69eccab68c4d9\" id=\"forminator-field-textarea-1_69eccab68c4d9-label\" class=\"forminator-label\">Message<\/label><textarea name=\"textarea-1\" placeholder=\"Write your message\" id=\"forminator-field-textarea-1_69eccab68c4d9\" class=\"forminator-textarea\" rows=\"6\" style=\"min-height:140px;\" maxlength=\"2000\" ><\/textarea><span id=\"forminator-field-textarea-1_69eccab68c4d9-description\" class=\"forminator-description\"><span data-limit=\"2000\" data-type=\"characters\" data-editor=\"\">0 \/ 2000<\/span><\/span><\/div><\/div><\/div><div class=\"forminator-row\"><div id=\"consent-1\" class=\"forminator-field-consent forminator-col forminator-col-12\"><div class=\"forminator-field\"><div class=\"forminator-checkbox__wrapper\"><label id=\"forminator-field-consent-1_69eccab68c4d9__label\" class=\"forminator-checkbox forminator-consent\" aria-labelledby=\"forminator-field-consent-1_69eccab68c4d9-label\" aria-hidden=\"true\"><input type=\"checkbox\" name=\"consent-1\" id=\"forminator-field-consent-1_69eccab68c4d9\" value=\"checked\" aria-labelledby=\"forminator-field-consent-1_69eccab68c4d9-label\" aria-describedby=\"forminator-field-consent-1_69eccab68c4d9__description\" data-required=\"true\" aria-required=\"true\" \/><span class=\"forminator-checkbox-box\" aria-hidden=\"true\"><\/span><\/label><div id=\"forminator-field-consent-1_69eccab68c4d9__description\" class=\"forminator-checkbox__label forminator-consent__label\"><p>Souhlas\u00edm se <a rel=\"noopener\" target=\"_blank\" href=\"https:\/\/www.interim-manager.cz\/eng\/gdpr\/\">z\u00e1sadami ochrany osobn\u00edch \u00fadaj\u016f.<\/a><\/p><\/div><\/div><\/div><\/div><\/div><input type=\"hidden\" name=\"referer_url\" value=\"\" \/><div class=\"forminator-row forminator-row-last\"><div class=\"forminator-col\"><div class=\"forminator-field\"><button class=\"forminator-button forminator-button-submit\"><span>Submit<\/span><span aria-hidden=\"true\"><\/span><\/button><\/div><\/div><\/div><input type=\"hidden\" id=\"forminator_nonce\" name=\"forminator_nonce\" value=\"daab1a8246\" \/><input type=\"hidden\" name=\"_wp_http_referer\" value=\"\/eng\/wp-json\/wp\/v2\/pages\/124\" \/><input type=\"hidden\" name=\"form_id\" value=\"223\"><input type=\"hidden\" name=\"page_id\" value=\"124\"><input type=\"hidden\" name=\"form_type\" value=\"default\"><input type=\"hidden\" name=\"current_url\" value=\"https:\/\/www.interim-manager.cz\/eng\/kontakt\/\"><input type=\"hidden\" name=\"render_id\" value=\"1\"><input type=\"hidden\" name=\"action\" value=\"forminator_submit_form_custom-forms\"><label for=\"input_7\" class=\"forminator-hidden\" aria-hidden=\"true\">Please do not fill in this field. <input id=\"input_7\" type=\"text\" name=\"input_7\" value=\"\" autocomplete=\"off\"><\/label><label for=\"input_7\" class=\"forminator-hidden\" aria-hidden=\"true\">Please do not fill in this field. <input id=\"input_7\" type=\"text\" name=\"input_7\" value=\"\" autocomplete=\"off\"><\/label><input type=\"hidden\" name=\"trp-form-language\" value=\"eng\"\/><\/form><\/p>","protected":false},"author":1,"featured_media":0,"parent":0,"menu_order":0,"comment_status":"closed","ping_status":"closed","template":"","meta":{"_et_pb_use_builder":"on","_et_pb_old_content":"<!-- wp:divi\/placeholder \/-->","_et_gb_content_width":"","footnotes":""},"class_list":["post-124","page","type-page","status-publish","hentry"],"_links":{"self":[{"href":"https:\/\/www.interim-manager.cz\/eng\/wp-json\/wp\/v2\/pages\/124","targetHints":{"allow":["GET"]}}],"collection":[{"href":"https:\/\/www.interim-manager.cz\/eng\/wp-json\/wp\/v2\/pages"}],"about":[{"href":"https:\/\/www.interim-manager.cz\/eng\/wp-json\/wp\/v2\/types\/page"}],"author":[{"embeddable":true,"href":"https:\/\/www.interim-manager.cz\/eng\/wp-json\/wp\/v2\/users\/1"}],"replies":[{"embeddable":true,"href":"https:\/\/www.interim-manager.cz\/eng\/wp-json\/wp\/v2\/comments?post=124"}],"version-history":[{"count":6,"href":"https:\/\/www.interim-manager.cz\/eng\/wp-json\/wp\/v2\/pages\/124\/revisions"}],"predecessor-version":[{"id":490,"href":"https:\/\/www.interim-manager.cz\/eng\/wp-json\/wp\/v2\/pages\/124\/revisions\/490"}],"wp:attachment":[{"href":"https:\/\/www.interim-manager.cz\/eng\/wp-json\/wp\/v2\/media?parent=124"}],"curies":[{"name":"wp","href":"https:\/\/api.w.org\/{rel}","templated":true}]}}