{"id":12,"date":"2023-07-10T13:48:39","date_gmt":"2023-07-10T13:48:39","guid":{"rendered":"http:\/\/www.interim-manager.cz\/?page_id=12"},"modified":"2024-11-06T11:18:00","modified_gmt":"2024-11-06T11:18:00","slug":"domu","status":"publish","type":"page","link":"https:\/\/www.interim-manager.cz\/eng\/","title":{"rendered":"Dom\u016f"},"content":{"rendered":"<p>[et_pb_section fb_built=&#8220;1&#8243; custom_padding_last_edited=&#8220;off|desktop&#8220; prev_background_color=&#8220;#ffffff&#8220; _builder_version=&#8220;4.25.1&#8243; _module_preset=&#8220;default&#8220; background_enable_color=&#8220;off&#8220; background_image=&#8220;https:\/\/www.interim-manager.cz\/wp-content\/uploads\/2024\/11\/jakub_dvorak3.jpg&#8220; background_position=&#8220;top_right&#8220; max_width=&#8220;100%&#8220; height=&#8220;650px&#8220; max_height=&#8220;1000px&#8220; custom_margin=&#8220;0px||0px||false|false&#8220; custom_padding=&#8220;6%||0%||false|false&#8220; custom_padding_tablet=&#8220;26px||162px||false|false&#8220; custom_padding_phone=&#8220;26px||80vw||false|false&#8220; top_divider_style=&#8220;triangle&#8220; top_divider_height=&#8220;34px&#8220; top_divider_flip=&#8220;vertical&#8220; background_last_edited=&#8220;on|phone&#8220; background_image_phone=&#8220;https:\/\/www.interim-manager.cz\/wp-content\/uploads\/2023\/07\/Navrh-bez-nazvu-5.png&#8220; background_enable_image_phone=&#8220;on&#8220; background_position_phone=&#8220;center&#8220; box_shadow_style=&#8220;preset3&#8243; global_colors_info=&#8220;{}&#8220;][et_pb_row column_structure=&#8220;3_4,1_4&#8243; use_custom_gutter=&#8220;on&#8220; gutter_width=&#8220;1&#8243; custom_padding_last_edited=&#8220;on|phone&#8220; admin_label=&#8220;\u0158\u00e1dek&#8220; module_class=&#8220;slidebanner&#8220; _builder_version=&#8220;4.25.1&#8243; _module_preset=&#8220;default&#8220; width=&#8220;100%&#8220; width_tablet=&#8220;92%&#8220; width_phone=&#8220;92%&#8220; width_last_edited=&#8220;on|tablet&#8220; max_width=&#8220;1090px&#8220; min_height=&#8220;448px&#8220; custom_padding=&#8220;0%||0px||false|false&#8220; custom_padding_tablet=&#8220;3%||8.5%||false|false&#8220; custom_padding_phone=&#8220;3%||67.5%||false|false&#8220; custom_css_free_form=&#8220;selector {||  display: flex;||    align-content: center;||    flex-wrap: wrap;||    align-items: center;||    justify-content: flex-start;||}&#8220; global_colors_info=&#8220;{}&#8220;][et_pb_column type=&#8220;3_4&#8243; admin_label=&#8220;Sloupec&#8220; _builder_version=&#8220;4.25.1&#8243; _module_preset=&#8220;default&#8220; global_colors_info=&#8220;{}&#8220;][et_pb_text admin_label=&#8220;Text&#8220; _builder_version=&#8220;4.25.1&#8243; _module_preset=&#8220;default&#8220; text_text_color=&#8220;#FFFFFF&#8220; text_font_size=&#8220;30px&#8220; header_text_color=&#8220;#FFFFFF&#8220; header_font_size=&#8220;6vh&#8220; header_line_height=&#8220;1.1em&#8220; width_tablet=&#8220;75%&#8220; width_phone=&#8220;100%&#8220; width_last_edited=&#8220;on|tablet&#8220; max_width=&#8220;100%&#8220; custom_padding=&#8220;0px||40px|||&#8220; custom_padding_tablet=&#8220;0px||40px|||&#8220; custom_padding_phone=&#8220;0px||10px||false|false&#8220; custom_padding_last_edited=&#8220;on|phone&#8220; header_font_size_tablet=&#8220;1vh&#8220; header_font_size_phone=&#8220;3vh&#8220; header_font_size_last_edited=&#8220;on|phone&#8220; global_colors_info=&#8220;{}&#8220;]<\/p>\n<h1><strong>&#8222;Interim Management je modern\u00edm \u0159e\u0161en\u00edm pro ka\u017edou spole\u010dnost<\/strong>.&#8220;<\/h1>\n<p>[\/et_pb_text][et_pb_button button_url=&#8220;#spoluprace&#8220; button_text=&#8220;Jak funguje spolupr\u00e1ce?&#8220; admin_label=&#8220;Tla\u010d\u00edtko&#8220; _builder_version=&#8220;4.25.1&#8243; _module_preset=&#8220;default&#8220; custom_button=&#8220;on&#8220; button_text_color=&#8220;#FFFFFF&#8220; button_bg_use_color_gradient=&#8220;on&#8220; button_bg_color_gradient_type=&#8220;circular&#8220; button_bg_color_gradient_stops=&#8220;#0b86ba 0%|#008ec6 100%&#8220; button_border_width=&#8220;0px&#8220; button_border_radius=&#8220;20px&#8220; global_colors_info=&#8220;{}&#8220;][\/et_pb_button][\/et_pb_column][et_pb_column type=&#8220;1_4&#8243; admin_label=&#8220;Sloupec&#8220; _builder_version=&#8220;4.25.1&#8243; _module_preset=&#8220;default&#8220; global_colors_info=&#8220;{}&#8220;][\/et_pb_column][\/et_pb_row][\/et_pb_section][et_pb_section fb_built=&#8220;1&#8243; module_id=&#8220;spoluprace&#8220; _builder_version=&#8220;4.21.0&#8243; _module_preset=&#8220;default&#8220; custom_margin=&#8220;60px||60px||true|false&#8220; custom_padding=&#8220;0px||0px||false|false&#8220; global_colors_info=&#8220;{}&#8220;][et_pb_row use_custom_gutter=&#8220;on&#8220; _builder_version=&#8220;4.24.2&#8243; _module_preset=&#8220;default&#8220; width=&#8220;100%&#8220; width_tablet=&#8220;90%&#8220; width_phone=&#8220;90%&#8220; width_last_edited=&#8220;on|desktop&#8220; custom_margin=&#8220;0px||0px||false|false&#8220; custom_padding=&#8220;0px||0px||false|false&#8220; global_colors_info=&#8220;{}&#8220;][et_pb_column type=&#8220;4_4&#8243; _builder_version=&#8220;4.21.0&#8243; _module_preset=&#8220;default&#8220; global_colors_info=&#8220;{}&#8220;][et_pb_text _builder_version=&#8220;4.21.0&#8243; _module_preset=&#8220;default&#8220; text_font_size=&#8220;16px&#8220; header_font=&#8220;|700|||||||&#8220; header_text_color=&#8220;#1c88cb&#8220; header_2_font=&#8220;|600|||||||&#8220; header_2_font_size=&#8220;20px&#8220; global_colors_info=&#8220;{}&#8220;]<\/p>\n<p><strong>Interim manager<\/strong> pays off for the company in several different situations. It can help a company get back on its feet or provide a good start for a start-up company.<\/p>\n<h2>How cooperation with <strong>interim managementem<\/strong>?<\/h2>\n<p>Abroad <strong>interim management<\/strong> is quite common. Cooperation with an interim manager is slowly becoming the most sought-after consulting service.<\/p>\n<p style=\"padding-left: 40px;\"><i class=\"fa-solid fa-circle fa-2xs\" style=\"color: #1c88cb;\"><\/i> When hiring an interim manager, the first parameter is the position to be filled.<br \/><i class=\"fa-solid fa-circle fa-2xs\" style=\"color: #1c88cb;\"><\/i> In practice, this is mostly:<\/p>\n<p style=\"padding-left: 80px;\"><i class=\"fa-solid fa-circle fa-2xs\" style=\"color: #1c88cb;\"><\/i> an executive or general manager<br \/><i class=\"fa-solid fa-circle fa-2xs\" style=\"color: #1c88cb;\"><\/i> production manager, finance, human resources, logistics, supply, purchasing, sales or marketing manager<br \/><i class=\"fa-solid fa-circle fa-2xs\" style=\"color: #1c88cb;\"><\/i> project or product manager<br \/><i class=\"fa-solid fa-circle fa-2xs\" style=\"color: #1c88cb;\"><\/i> consultants without specific roles (task force, advisor to the owners\/ stake holders\u2026)\n<br \/>\n<br \/>\nThe cooperation process is always individual with regard to the need to solve specific problems of a given company. This is also related to the period for which the interim manager will be hired.<\/p>\n<p>[\/et_pb_text][et_pb_button button_url=&#8220;#sluzby&#8220; button_text=&#8220;Co nab\u00edz\u00edm?&#8220; _builder_version=&#8220;4.21.0&#8243; _module_preset=&#8220;default&#8220; custom_button=&#8220;on&#8220; button_text_color=&#8220;#FFFFFF&#8220; button_bg_use_color_gradient=&#8220;on&#8220; button_bg_color_gradient_type=&#8220;circular&#8220; button_bg_color_gradient_stops=&#8220;#0b86ba 0%|#008ec6 100%&#8220; button_border_width=&#8220;0px&#8220; button_border_radius=&#8220;20px&#8220; global_colors_info=&#8220;{}&#8220;][\/et_pb_button][\/et_pb_column][\/et_pb_row][\/et_pb_section][et_pb_section fb_built=&#8220;1&#8243; module_id=&#8220;sluzby&#8220; _builder_version=&#8220;4.24.2&#8243; _module_preset=&#8220;default&#8220; background_color=&#8220;#666666&#8243; background_image=&#8220;https:\/\/www.interim-manager.cz\/wp-content\/uploads\/2023\/07\/Navrh-bez-nazvu-4-1.png&#8220; parallax=&#8220;on&#8220; parallax_method=&#8220;off&#8220; custom_padding=&#8220;60px||60px||true|false&#8220; global_colors_info=&#8220;{}&#8220;][et_pb_row use_custom_gutter=&#8220;on&#8220; _builder_version=&#8220;4.24.2&#8243; _module_preset=&#8220;default&#8220; width=&#8220;100%&#8220; width_tablet=&#8220;90%&#8220; width_phone=&#8220;90%&#8220; width_last_edited=&#8220;on|tablet&#8220; custom_margin=&#8220;0px||0px||false|false&#8220; custom_padding=&#8220;0px||0px||false|false&#8220; global_colors_info=&#8220;{}&#8220;][et_pb_column type=&#8220;4_4&#8243; _builder_version=&#8220;4.21.0&#8243; _module_preset=&#8220;default&#8220; global_colors_info=&#8220;{}&#8220;][et_pb_text _builder_version=&#8220;4.21.0&#8243; _module_preset=&#8220;default&#8220; text_text_color=&#8220;#FFFFFF&#8220; header_font=&#8220;|700|||||||&#8220; header_text_color=&#8220;#FFFFFF&#8220; header_2_font=&#8220;||||||||&#8220; header_2_text_color=&#8220;#FFFFFF&#8220; header_2_font_size=&#8220;20px&#8220; global_colors_info=&#8220;{}&#8220;]<\/p>\n<h2>What are the specific types of Interim Management?<\/h2>\n<p>There are several basic types of interim management, each of which is designed to solve a different problem.<\/p>\n<p>&nbsp;<\/p>\n<h3><strong>Interim Change Management<\/strong><\/h3>\n<p><span style=\"font-size: medium;\">is the perfect solution when a company needs to make major changes to its operations in a short period of time. Usually this is so-called crisis or transformation management.<\/span><\/p>\n<p>&nbsp;<\/p>\n<h3><strong>Project Interim Manager<\/strong><\/h3>\n<p>Tento typ je <span style=\"font-size: medium;\">vyu\u017e\u00edv\u00e1n <\/span>tehdy, kdy je \u017e\u00e1douc\u00ed implementace nebo veden\u00ed konkr\u00e9tn\u00edho projektu. V praxi se ve velk\u00e9 v\u011bt\u0161in\u011b jedn\u00e1 o projekty kr\u00e1tkodob\u00e9, ale velice n\u00e1ro\u010dn\u00e9.<\/p>\n<h2><\/h2>\n<h3><strong>Substitution Interim Management<\/strong><\/h3>\n<p><span style=\"font-size: 14px;\">ensures that vacant positions are filled quickly in urgent or unexpected situations. For example, it may be a case of filling managerial positions when an employee has quit immediately or has unexpectedly become ill. Maternity leave is usually another possibility.<\/span><\/p>\n<p>&nbsp;<\/p>\n<p>There can be many situations when an interim manager is really useful for a company. In the majority of cases, a company decides on this solution if it is going through a crisis period and needs to reverse the fall quickly and get back into positive numbers.\nThis does not mean that an interim manager is only suitable for crisis situations.<\/p>\n<p>[\/et_pb_text][\/et_pb_column][\/et_pb_row][\/et_pb_section][et_pb_section fb_built=&#8220;1&#8243; module_id=&#8220;onas&#8220; _builder_version=&#8220;4.21.0&#8243; _module_preset=&#8220;default&#8220; custom_margin=&#8220;60px||||false|false&#8220; custom_padding=&#8220;0px||0px||false|false&#8220; global_colors_info=&#8220;{}&#8220;][et_pb_row use_custom_gutter=&#8220;on&#8220; _builder_version=&#8220;4.24.2&#8243; _module_preset=&#8220;default&#8220; width=&#8220;100%&#8220; width_tablet=&#8220;90%&#8220; width_phone=&#8220;100%&#8220; width_last_edited=&#8220;on|tablet&#8220; custom_margin=&#8220;0px||0px||false|false&#8220; custom_padding=&#8220;0px||0px||false|false&#8220; global_colors_info=&#8220;{}&#8220;][et_pb_column type=&#8220;4_4&#8243; _builder_version=&#8220;4.21.0&#8243; _module_preset=&#8220;default&#8220; global_colors_info=&#8220;{}&#8220;][et_pb_text _builder_version=&#8220;4.21.0&#8243; _module_preset=&#8220;default&#8220; header_font=&#8220;|700|||||||&#8220; header_text_color=&#8220;#1c88cb&#8220; header_2_font=&#8220;|600|||||||&#8220; header_2_font_size=&#8220;20px&#8220; header_3_font_size=&#8220;20px&#8220; custom_margin=&#8220;0px||0px||false|false&#8220; custom_padding=&#8220;0px||0px||false|false&#8220; global_colors_info=&#8220;{}&#8220;]<\/p>\n<p>Interim management is a modern solution for any company that needs to effectively \"bounce back\" and start building its successful market journey.<\/p>\n<h2>What is Interim Management<\/h2>\n<p>A reliable management team is the key to the success of any company. If the company is larger, it is necessary to divide the different sectors and therefore the tasks among reliable specialists. This means that each section manager must not only have the appropriate education, but also sufficient experience.<\/p>\n<p style=\"padding-left: 40px;\"><i class=\"fa-solid fa-circle\" style=\"color: #1c88cb;\"><\/i> <span style=\"font-size: 14px;\">One way to solve this problem is with Interim Manager.<br \/><\/span><i class=\"fa-solid fa-circle\" style=\"color: #1c88cb;\"><\/i><span style=\"font-size: 14px;\">\u00a0Interim Management provides a flexible manager and specialist in one person<\/span><\/p>\n<p><span style=\"font-size: 14px;\"><\/span><\/p>\n<p>In case of Interim Management, it is the hiring of an expert on a specific issue who has not been employed by the company before. Interim management will therefore fill the missing capacity and bring know-how in a specific field.<\/p>\n<p style=\"padding-left: 40px;\"><i class=\"fa-solid fa-circle\" style=\"color: #1c88cb;\"><\/i><span style=\"font-size: 14px;\">\u00a0They are always proven managers who can prove themselves with successfully completed projects, sufficient education and the necessary experience.<\/span><\/p>\n<h1><\/h1>\n<h2>What is the role of an Interim Manager<\/h2>\n<p>You can hire an Interim Manager for your company either for a fixed period of time or for as long as it is needed.<\/p>\n<p><strong>Interim Manager principles:<\/strong><\/p>\n<p style=\"padding-left: 40px;\"><i class=\"fa-solid fa-circle\" style=\"color: #1c88cb;\"><\/i><span style=\"font-size: 14px;\">\u00a0results orientation to increase work efficiency<br \/><\/span><i class=\"fa-solid fa-circle\" style=\"color: #1c88cb;\"><\/i><span style=\"font-size: 14px;\">\u00a0decisiveness in dealing with important issues<\/span><\/p>\n<p>&nbsp;<\/p>\n<h2>Contribution of the Interim Manager<\/h2>\n<ul>\n<li style=\"list-style-type: none;\">\n<ul>\n<li><span style=\"font-size: medium; color: #666666;\"><strong>Qualifications - <\/strong>Interim Manager brings knowledge and experience to any company that was lacking. This increases the success rate.<\/span><\/li>\n<li><span style=\"font-size: medium; color: #666666;\"><strong>Flexibility - <\/strong>Thanks to its flexibility, the Interim Manager is able to start at very short notice - usually days.<\/span><\/li>\n<li><span style=\"font-size: medium; color: #666666;\"><strong>Objectivity - <\/strong>Because the Interim Manager is unburdened by company customs and politics, he or she brings a fresh perspective and effective solutions to the management of the company.<\/span><\/li>\n<\/ul>\n<\/li>\n<\/ul>\n<p>[\/et_pb_text][\/et_pb_column][\/et_pb_row][\/et_pb_section][et_pb_section fb_built=&#8220;1&#8243; admin_label=&#8220;Sekce&#8220; module_id=&#8220;reference&#8220; _builder_version=&#8220;4.21.0&#8243; _module_preset=&#8220;default&#8220; background_image=&#8220;https:\/\/www.interim-manager.cz\/wp-content\/uploads\/2023\/07\/banner.png&#8220; custom_margin=&#8220;60px||-2px||false|false&#8220; custom_padding=&#8220;0px||0px||false|false&#8220; global_colors_info=&#8220;{}&#8220;][et_pb_row _builder_version=&#8220;4.25.1&#8243; _module_preset=&#8220;default&#8220; global_colors_info=&#8220;{}&#8220;][et_pb_column type=&#8220;4_4&#8243; _builder_version=&#8220;4.25.1&#8243; _module_preset=&#8220;default&#8220; global_colors_info=&#8220;{}&#8220;][et_pb_slider use_bg_overlay=&#8220;off&#8220; use_text_overlay=&#8220;off&#8220; _builder_version=&#8220;4.25.1&#8243; _module_preset=&#8220;default&#8220; body_text_align=&#8220;center&#8220; body_text_color=&#8220;#FFFFFF&#8220; body_font_size=&#8220;16px&#8220; background_color=&#8220;gcid-body-color&#8220; custom_padding=&#8220;102px||85px|||&#8220; filter_opacity=&#8220;85%&#8220; global_colors_info=&#8220;{%22gcid-body-color%22:%91%22background_color%22%93}&#8220;][et_pb_slide _builder_version=&#8220;4.25.1&#8243; _module_preset=&#8220;default&#8220; background_color=&#8220;gcid-body-color&#8220; background_enable_color=&#8220;on&#8220; filter_opacity=&#8220;85%&#8220; global_colors_info=&#8220;{%22gcid-body-color%22:%91%22background_color%22%93}&#8220; sticky_transition=&#8220;on&#8220;]<\/p>\n<p><span>Having worked with Jakub for three years during his missions in Bad D\u00fcrrenberg and Neutrabling, I have to say he is an excellent professional. He enabled both location to be more efficient and he builded again the customer trust. I am impressed with his work ethic and communication skills<\/span><\/p>\n<p><span>Klaus Sicking, CFO Europe East\/West<\/span><br \/><span>Adler Pelzer Group<\/span><\/p>\n<p>[\/et_pb_slide][et_pb_slide use_bg_overlay=&#8220;off&#8220; _builder_version=&#8220;4.25.1&#8243; _module_preset=&#8220;default&#8220; background_color=&#8220;gcid-body-color&#8220; background_enable_color=&#8220;on&#8220; filter_opacity=&#8220;85%&#8220; global_colors_info=&#8220;{%22gcid-body-color%22:%91%22background_color%22%93}&#8220; sticky_transition=&#8220;on&#8220;]<\/p>\n<p><span>I have worked with Jakub a few years . He has very good background and focused on achieving challenging and targets .<\/span><br \/><span>He came\u2019s up to customers needs and expectations. With his capability to see overall strategic target for projects or company. He has strong execution skills to move the things forward even the situation is not favorable<\/span><\/p>\n<p><span>Karel Litvan, Quality Operations Manager<\/span><br \/><span>Faurecia Seating<\/span><\/p>\n<p>[\/et_pb_slide][et_pb_slide _builder_version=&#8220;4.25.1&#8243; _module_preset=&#8220;default&#8220; background_color=&#8220;gcid-body-color&#8220; background_enable_color=&#8220;on&#8220; filter_opacity=&#8220;85%&#8220; global_colors_info=&#8220;{%22gcid-body-color%22:%91%22background_color%22%93}&#8220; sticky_transition=&#8220;on&#8220;]<\/p>\n<p><span>With Jakub I met by Adler Pelzer Group where we were cooperating on project of stabilization plant Clion. Although my and Jakub focus were different we found very quickly common groud and we prepared stable plan for optimalisation, cost cutting and right forecasting. His commitment was huge<\/span><\/p>\n<p><span>Ales Panna, Director of controlling and finance, NAFTA<\/span><br \/><span>Adler Pelzer Group<\/span><\/p>\n<p>[\/et_pb_slide][et_pb_slide _builder_version=&#8220;4.25.1&#8243; _module_preset=&#8220;default&#8220; background_color=&#8220;gcid-body-color&#8220; background_enable_color=&#8220;on&#8220; filter_opacity=&#8220;85%&#8220; global_colors_info=&#8220;{%22gcid-body-color%22:%91%22background_color%22%93}&#8220; sticky_transition=&#8220;on&#8220;]<\/p>\n<p><span>Throughout my time working with Jakub, I have witnessed his exceptional drive and determination firsthand. He consistently demonstrated a strong work ethic and an unwavering commitment to achieving his goals. Jakub is not only self-driven but also possesses an innate ability to motivate and inspire others around him. His leadership skills are exemplary, and he has the capability to guide and support his team through challenges, ensuring that objectives are met efficiently and effectively.<\/span><\/p>\n<p><span>Dusan Palkovic, HR Manager<\/span><br \/><span>Faurecia Seating<\/span><\/p>\n<p>[\/et_pb_slide][et_pb_slide _builder_version=&#8220;4.25.1&#8243; _module_preset=&#8220;default&#8220; background_color=&#8220;gcid-body-color&#8220; background_enable_color=&#8220;on&#8220; filter_opacity=&#8220;85%&#8220; global_colors_info=&#8220;{%22gcid-body-color%22:%91%22background_color%22%93}&#8220; sticky_transition=&#8220;on&#8220;]<\/p>\n<p><span>During our time working together, I had the pleasure of witnessing firsthand Jakubs exceptional skills, work ethic, and commitment to excellence.<\/span><br \/><span>His kindness, empathy, and professionalism were a constant source of strength and inspiration to me, and I am confident that he would bring the same level of dedication and care to any workplace. Jakub is a skilled and knowledgeable professional with excellent communication skills and an ability to collaborate effectively with others. He consistently demonstrates initiative and creativity, and is always willing to go the extra mile to ensure that projects are completed on time and to the highest standard.<\/span><\/p>\n<p><span>Ulrik Thelin, Senior Director Operations EMEA<\/span><br \/><span>Norma Group<\/span><\/p>\n<p>[\/et_pb_slide][et_pb_slide _builder_version=&#8220;4.25.1&#8243; _module_preset=&#8220;default&#8220; background_color=&#8220;gcid-body-color&#8220; background_enable_color=&#8220;on&#8220; filter_opacity=&#8220;85%&#8220; global_colors_info=&#8220;{%22gcid-body-color%22:%91%22background_color%22%93}&#8220; sticky_transition=&#8220;on&#8220;]<\/p>\n<p><span>From my side, the teamworking with Mr. Dvo\u0159\u00e1k was absolutely excellent experince. It gave me new motivation and a new perspective on team management, communication, plannig and mainly the philosophy of working with people and solving crisis situations. If I was starting in the company under the leadership of Mr. Dvo\u0159\u00e1k like junior project manager, he was for me the best teacher and support. The meeting and cooperation with such people, it advance you in all directions of your carrier<\/span><\/p>\n<p><span>Jan Hutka, Project Manager<\/span><br \/><span>3D- Lasertec<\/span><\/p>\n<p>[\/et_pb_slide][et_pb_slide _builder_version=&#8220;4.25.1&#8243; _module_preset=&#8220;default&#8220; background_color=&#8220;gcid-body-color&#8220; background_enable_color=&#8220;on&#8220; filter_opacity=&#8220;85%&#8220; global_colors_info=&#8220;{%22gcid-body-color%22:%91%22background_color%22%93}&#8220; sticky_transition=&#8220;on&#8220;]<\/p>\n<p><span>I had such a luck to recruit Jakub as our Interim Manager! Beside his professional attitude he is also a great personality. Jakub brought calmness into critical situation. He was able to jump straight away to the problem, firefight and start to build the strategy how to keep the situation under controll. He was able to achieve short term goals and start with the longterm solutions so it is easy to continue in his journey for the permanent-following manager. He has wide range of knowledge and experience. I have never seen him to struggle or panic, he always found a way out.<\/span><\/p>\n<p><span>Ivana Malinovska, HR Manager<\/span><br \/><span>Norma Group<\/span><\/p>\n<p>[\/et_pb_slide][et_pb_slide _builder_version=&#8220;4.25.1&#8243; _module_preset=&#8220;default&#8220; background_color=&#8220;gcid-body-color&#8220; background_enable_color=&#8220;on&#8220; filter_opacity=&#8220;85%&#8220; global_colors_info=&#8220;{%22gcid-body-color%22:%91%22background_color%22%93}&#8220; sticky_transition=&#8220;on&#8220;]<\/p>\n<p><span>Jakub is an excellent communicator, with strong interpersonal skills that enable him to build strong relationships with his team and stakeholders. Jakub\u00b4s problem-solving abilities and sound decision-making skills made him a valuable asset to our company. During his project in the SCM department Jakub delivered a great added value.<\/span><\/p>\n<p><span>Dr. Wissem Ellouze, VP Operations &amp; Supply Chain EMEA<\/span><br \/><span>Norma Group<\/span><\/p>\n<p>[\/et_pb_slide][\/et_pb_slider][\/et_pb_column][\/et_pb_row][\/et_pb_section]<\/p>","protected":false},"excerpt":{"rendered":"<p>&#8222;Interim Management je modern\u00edm \u0159e\u0161en\u00edm pro ka\u017edou spole\u010dnost.&#8220;Interim manager se firm\u011b vyplat\u00ed v\u00a0n\u011bkolika r\u016fzn\u00fdch situac\u00edch. M\u016f\u017ee pomoci spole\u010dnosti op\u011bt \u201ena nohy\u201c anebo zajistit dobr\u00fd start pro za\u010d\u00ednaj\u00edc\u00ed firmu. Jak funguje spolupr\u00e1ce s interim managementem? V\u00a0zahrani\u010d\u00ed je interim management zcela b\u011b\u017en\u00fdm pojmem. Spolupr\u00e1ce s\u00a0interim managerem se pomalu st\u00e1v\u00e1 nejvyhled\u00e1van\u011bj\u0161\u00ed konzulta\u010dn\u00ed slu\u017ebou. P\u0159i anga\u017eov\u00e1n\u00ed interim managera je [&hellip;]<\/p>","protected":false},"author":1,"featured_media":0,"parent":0,"menu_order":0,"comment_status":"closed","ping_status":"closed","template":"","meta":{"_et_pb_use_builder":"on","_et_pb_old_content":"","_et_gb_content_width":"","footnotes":""},"class_list":["post-12","page","type-page","status-publish","hentry"],"_links":{"self":[{"href":"https:\/\/www.interim-manager.cz\/eng\/wp-json\/wp\/v2\/pages\/12","targetHints":{"allow":["GET"]}}],"collection":[{"href":"https:\/\/www.interim-manager.cz\/eng\/wp-json\/wp\/v2\/pages"}],"about":[{"href":"https:\/\/www.interim-manager.cz\/eng\/wp-json\/wp\/v2\/types\/page"}],"author":[{"embeddable":true,"href":"https:\/\/www.interim-manager.cz\/eng\/wp-json\/wp\/v2\/users\/1"}],"replies":[{"embeddable":true,"href":"https:\/\/www.interim-manager.cz\/eng\/wp-json\/wp\/v2\/comments?post=12"}],"version-history":[{"count":45,"href":"https:\/\/www.interim-manager.cz\/eng\/wp-json\/wp\/v2\/pages\/12\/revisions"}],"predecessor-version":[{"id":489,"href":"https:\/\/www.interim-manager.cz\/eng\/wp-json\/wp\/v2\/pages\/12\/revisions\/489"}],"wp:attachment":[{"href":"https:\/\/www.interim-manager.cz\/eng\/wp-json\/wp\/v2\/media?parent=12"}],"curies":[{"name":"wp","href":"https:\/\/api.w.org\/{rel}","templated":true}]}}